{"id":797,"date":"2026-02-08T13:08:37","date_gmt":"2026-02-08T12:08:37","guid":{"rendered":"https:\/\/marmurtrawertyn.pl\/?post_type=product&#038;p=797"},"modified":"2026-02-08T22:35:26","modified_gmt":"2026-02-08T21:35:26","slug":"plytki-trawertyn-classic-mix-uklad-rzymski-krawedzie-mlotkowane","status":"publish","type":"product","link":"https:\/\/marmurtrawertyn.pl\/?product=plytki-trawertyn-classic-mix-uklad-rzymski-krawedzie-mlotkowane","title":{"rendered":"P\u0142ytki Trawertyn Classic Mix \u2013 Uk\u0142ad Rzymski, Kraw\u0119dzie M\u0142otkowane"},"content":{"rendered":"<h2 data-start=\"1137\" data-end=\"1207\">P\u0142ytki trawertyn Classic Mix \u2013 uk\u0142ad rzymski z kamienia naturalnego<\/h2>\n<p data-start=\"1209\" data-end=\"1445\">P\u0142ytki trawertyn <strong data-start=\"1226\" data-end=\"1261\">Classic Mix w uk\u0142adzie rzymskim<\/strong> to po\u0142\u0105czenie naturalnego pi\u0119kna kamienia z klasycznym, eleganckim wzornictwem. Zestaw sk\u0142ada si\u0119 z p\u0142ytek w r\u00f3\u017cnych formatach, kt\u00f3re razem tworz\u0105 efektown\u0105 i ponadczasow\u0105 kompozycj\u0119.<\/p>\n<p data-start=\"1447\" data-end=\"1724\">Kraw\u0119dzie m\u0142otkowane nadaj\u0105 powierzchni lekko postarzanego charakteru, inspirowanego architektur\u0105 \u015br\u00f3dziemnomorsk\u0105 i klasycznym stylem rzymskim. Naturalna kolorystyka w odcieniach be\u017cu, kremu i jasnego br\u0105zu doskonale komponuje si\u0119 z nowoczesnymi oraz tradycyjnymi aran\u017cacjami.<\/p>\n<hr data-start=\"1726\" data-end=\"1729\" \/>\n<h2 data-start=\"1731\" data-end=\"1775\">Zastosowanie p\u0142ytek trawertyn Classic Mix<\/h2>\n<p data-start=\"1777\" data-end=\"1864\">P\u0142ytki w uk\u0142adzie rzymskim Classic Mix doskonale sprawdzaj\u0105 si\u0119 w wielu przestrzeniach:<\/p>\n<ul>\n<li data-start=\"1866\" data-end=\"2020\">\u00a0tarasy i balkony<\/li>\n<li data-start=\"1866\" data-end=\"2020\">\u00a0salony i strefy dzienne<\/li>\n<li data-start=\"1866\" data-end=\"2020\">\u00a0\u0142azienki i SPA<\/li>\n<li data-start=\"1866\" data-end=\"2020\">\u00a0kuchnie<\/li>\n<li data-start=\"1866\" data-end=\"2020\">\u00a0korytarze i hole<\/li>\n<li data-start=\"1866\" data-end=\"2020\">\u00a0elewacje i schody<\/li>\n<li data-start=\"1866\" data-end=\"2020\">\u00a0obiekty komercyjne i hotele<\/li>\n<\/ul>\n<p data-start=\"2022\" data-end=\"2146\">Naturalny trawertyn jest odporny na u\u017cytkowanie i przy odpowiedniej impregnacji zachowuje swoje w\u0142a\u015bciwo\u015bci przez wiele lat.<\/p>\n<hr data-start=\"2148\" data-end=\"2151\" \/>\n<h2 data-start=\"2153\" data-end=\"2184\">Najwa\u017cniejsze cechy produktu<\/h2>\n<ul>\n<li data-start=\"2186\" data-end=\"2455\">\u2714 naturalny kamie\u0144 \u2013 trawertyn Classic Mix<br data-start=\"2228\" data-end=\"2231\" \/>\u2714 klasyczny uk\u0142ad rzymski (opus romanum)<br data-start=\"2271\" data-end=\"2274\" \/>\u2714 kraw\u0119dzie m\u0142otkowane \u2013 efekt postarzenia<br data-start=\"2316\" data-end=\"2319\" \/>\u2714 unikalna struktura ka\u017cdej p\u0142ytki<br data-start=\"2353\" data-end=\"2356\" \/>\u2714 wysoka trwa\u0142o\u015b\u0107<br data-start=\"2373\" data-end=\"2376\" \/>\u2714 odporno\u015b\u0107 na \u015bcieranie<br data-start=\"2400\" data-end=\"2403\" \/>\u2714 ponadczasowy design<br data-start=\"2424\" data-end=\"2427\" \/>\u2714 uniwersalne zastosowanie<\/li>\n<\/ul>\n<p data-start=\"2457\" data-end=\"2575\">Ka\u017cdy zestaw posiada indywidualne u\u017cylenie, dzi\u0119ki czemu gotowa powierzchnia prezentuje si\u0119 ekskluzywnie i naturalnie.<\/p>\n<hr data-start=\"2577\" data-end=\"2580\" \/>\n<h2 data-start=\"2582\" data-end=\"2600\">Dane techniczne<\/h2>\n<div class=\"TyagGW_tableContainer\">\n<div class=\"group TyagGW_tableWrapper flex flex-col-reverse w-fit\" tabindex=\"-1\">\n<table class=\"w-fit min-w-(--thread-content-width)\" data-start=\"2602\" data-end=\"2904\">\n<thead data-start=\"2602\" data-end=\"2624\">\n<tr data-start=\"2602\" data-end=\"2624\">\n<th class=\"\" data-start=\"2602\" data-end=\"2613\" data-col-size=\"sm\">Parametr<\/th>\n<th class=\"\" data-start=\"2613\" data-end=\"2624\" data-col-size=\"sm\">Warto\u015b\u0107<\/th>\n<\/tr>\n<\/thead>\n<tbody data-start=\"2649\" data-end=\"2904\">\n<tr data-start=\"2649\" data-end=\"2683\">\n<td data-start=\"2649\" data-end=\"2660\" data-col-size=\"sm\">Materia\u0142<\/td>\n<td data-start=\"2660\" data-end=\"2683\" data-col-size=\"sm\">Trawertyn naturalny<\/td>\n<\/tr>\n<tr data-start=\"2684\" data-end=\"2733\">\n<td data-start=\"2684\" data-end=\"2692\" data-col-size=\"sm\">Kolor<\/td>\n<td data-start=\"2692\" data-end=\"2733\" data-col-size=\"sm\">Classic Mix (be\u017c \/ krem \/ jasny br\u0105z)<\/td>\n<\/tr>\n<tr data-start=\"2734\" data-end=\"2768\">\n<td data-start=\"2734\" data-end=\"2742\" data-col-size=\"sm\">Uk\u0142ad<\/td>\n<td data-start=\"2742\" data-end=\"2768\" data-col-size=\"sm\">Rzymski (Opus Romanum)<\/td>\n<\/tr>\n<tr data-start=\"2769\" data-end=\"2795\">\n<td data-start=\"2769\" data-end=\"2781\" data-col-size=\"sm\">Kraw\u0119dzie<\/td>\n<td data-start=\"2781\" data-end=\"2795\" data-col-size=\"sm\">M\u0142otkowane<\/td>\n<\/tr>\n<tr data-start=\"2796\" data-end=\"2838\">\n<td data-start=\"2796\" data-end=\"2811\" data-col-size=\"sm\">Zastosowanie<\/td>\n<td data-start=\"2811\" data-end=\"2838\" data-col-size=\"sm\">Wewn\u0119trzne \/ zewn\u0119trzne<\/td>\n<\/tr>\n<tr data-start=\"2839\" data-end=\"2879\">\n<td data-start=\"2839\" data-end=\"2853\" data-col-size=\"sm\">Wyko\u0144czenie<\/td>\n<td data-start=\"2853\" data-end=\"2879\" data-col-size=\"sm\">Naturalne \/ postarzone<\/td>\n<\/tr>\n<tr data-start=\"2880\" data-end=\"2904\">\n<td data-start=\"2880\" data-end=\"2894\" data-col-size=\"sm\">Pochodzenie<\/td>\n<td data-start=\"2894\" data-end=\"2904\" data-col-size=\"sm\">Turcja<\/td>\n<\/tr>\n<\/tbody>\n<\/table>\n<\/div>\n<\/div>\n<hr data-start=\"2906\" data-end=\"2909\" \/>\n<h2 data-start=\"2911\" data-end=\"2958\">Dlaczego warto wybra\u0107 trawertyn Classic Mix?<\/h2>\n<p data-start=\"2960\" data-end=\"3143\">Trawertyn Classic Mix to materia\u0142, kt\u00f3ry \u0142\u0105czy estetyk\u0119 z funkcjonalno\u015bci\u0105. Naturalny kamie\u0144 nigdy nie wychodzi z mody, a klasyczny uk\u0142ad rzymski nadaje przestrzeni presti\u017cowy wygl\u0105d.<\/p>\n<p data-start=\"3145\" data-end=\"3225\">To idealny wyb\u00f3r dla os\u00f3b, kt\u00f3re ceni\u0105 wysok\u0105 jako\u015b\u0107, trwa\u0142o\u015b\u0107 i elegancki styl.<\/p>\n<hr data-start=\"3227\" data-end=\"3230\" \/>\n<h2 data-start=\"3232\" data-end=\"3255\">Monta\u017c i piel\u0119gnacja<\/h2>\n<p data-start=\"3257\" data-end=\"3290\">Dla najlepszych efekt\u00f3w zalecamy:<\/p>\n<p data-start=\"3292\" data-end=\"3434\">\u2714 monta\u017c na kleju do kamienia naturalnego<br data-start=\"3333\" data-end=\"3336\" \/>\u2714 wykonanie impregnacji po u\u0142o\u017ceniu<br data-start=\"3371\" data-end=\"3374\" \/>\u2714 stosowanie \u015brodk\u00f3w do kamienia<br data-start=\"3406\" data-end=\"3409\" \/>\u2714 regularn\u0105 piel\u0119gnacj\u0119<\/p>\n<p data-start=\"3436\" data-end=\"3511\">Prawid\u0142owo zabezpieczony trawertyn zachowuje sw\u00f3j wygl\u0105d przez d\u0142ugie lata.<\/p>\n<hr data-start=\"3513\" data-end=\"3516\" \/>\n<h2 data-start=\"3518\" data-end=\"3541\">Informacje dodatkowe<\/h2>\n<p data-start=\"3543\" data-end=\"3654\">\u2714 Cena dotyczy: 1 komplet (0,75m2) produktu<br data-start=\"3572\" data-end=\"3575\" \/>\u2714 Zalecany zapas: 5\u201310%<br data-start=\"3598\" data-end=\"3601\" \/>\u2714 Naturalne r\u00f3\u017cnice kolorystyczne s\u0105 cech\u0105 kamienia<\/p>\n<p data-start=\"3656\" data-end=\"3731\">W razie pyta\u0144 dotycz\u0105cych ilo\u015bci lub zastosowania \u2013 zapraszamy do kontaktu.<\/p>\n","protected":false},"excerpt":{"rendered":"<h3 data-start=\"1330\" data-end=\"1387\">P\u0142ytki Trawertyn Classic Mix \u2013 Uk\u0142ad Rzymski, Kraw\u0119dzie M\u0142otkowane<\/h3>\n<p>&nbsp;<\/p>\n<h3 data-start=\"1330\" data-end=\"1387\"><\/h3>\n<p data-start=\"687\" data-end=\"906\">Naturalne p\u0142ytki z trawertynu Classic Mix w klasycznym uk\u0142adzie rzymskim z m\u0142otkowanymi kraw\u0119dziami. Idealne na tarasy, elewacje, salony i wn\u0119trza premium. Trwa\u0142y kamie\u0144 o ponadczasowym charakterze.<\/p>\n<h3>Dane techniczne<\/h3>\n<p>&nbsp;<\/p>\n<table>\n<tbody>\n<tr>\n<td>Materia\u0142<\/td>\n<td>Trawertyn<\/td>\n<\/tr>\n<tr>\n<td>Kolor<\/td>\n<td>Classic Mix (be\u017c \/ krem \/ jasny br\u0105z)<\/td>\n<\/tr>\n<tr>\n<td>Format<\/td>\n<td>Uk\u0142adanka kamienna<\/td>\n<\/tr>\n<tr>\n<td>Grubo\u015b\u0107<\/td>\n<td>1,2 cm<\/td>\n<\/tr>\n<tr>\n<td>Kraw\u0119dzie<\/td>\n<td>M\u0142otkowane<\/td>\n<\/tr>\n<tr>\n<td>Zastosowanie<\/td>\n<td>\u00a0\u015bciana \/ pod\u0142oga<\/td>\n<\/tr>\n<tr>\n<td>Kraj pochodzenia<\/td>\n<td>Turcja<\/td>\n<\/tr>\n<tr>\n<td>Producent \/ Importer<\/td>\n<td>Marmur Trawertyn<\/td>\n<\/tr>\n<\/tbody>\n<\/table>\n<p><strong>Cena dotyczy: 1 komplet (0,75m\u00b2)\u00a0 produktu<\/strong><\/p>\n<p>&nbsp;<\/p>\n","protected":false},"featured_media":617,"comment_status":"open","ping_status":"closed","template":"","meta":{"_uag_custom_page_level_css":"","site-sidebar-layout":"default","site-content-layout":"","ast-site-content-layout":"default","site-content-style":"default","site-sidebar-style":"default","ast-global-header-display":"","ast-banner-title-visibility":"","ast-main-header-display":"","ast-hfb-above-header-display":"","ast-hfb-below-header-display":"","ast-hfb-mobile-header-display":"","site-post-title":"","ast-breadcrumbs-content":"","ast-featured-img":"","footer-sml-layout":"","ast-disable-related-posts":"","theme-transparent-header-meta":"default","adv-header-id-meta":"","stick-header-meta":"","header-above-stick-meta":"","header-main-stick-meta":"","header-below-stick-meta":"","astra-migrate-meta-layouts":"set","ast-page-background-enabled":"default","ast-page-background-meta":{"desktop":{"background-color":"var(--ast-global-color-5)","background-image":"","background-repeat":"repeat","background-position":"center center","background-size":"auto","background-attachment":"scroll","background-type":"","background-media":"","overlay-type":"","overlay-color":"","overlay-opacity":"","overlay-gradient":""},"tablet":{"background-color":"","background-image":"","background-repeat":"repeat","background-position":"center center","background-size":"auto","background-attachment":"scroll","background-type":"","background-media":"","overlay-type":"","overlay-color":"","overlay-opacity":"","overlay-gradient":""},"mobile":{"background-color":"","background-image":"","background-repeat":"repeat","background-position":"center center","background-size":"auto","background-attachment":"scroll","background-type":"","background-media":"","overlay-type":"","overlay-color":"","overlay-opacity":"","overlay-gradient":""}},"ast-content-background-meta":{"desktop":{"background-color":"var(--ast-global-color-4)","background-image":"","background-repeat":"repeat","background-position":"center center","background-size":"auto","background-attachment":"scroll","background-type":"","background-media":"","overlay-type":"","overlay-color":"","overlay-opacity":"","overlay-gradient":""},"tablet":{"background-color":"var(--ast-global-color-4)","background-image":"","background-repeat":"repeat","background-position":"center center","background-size":"auto","background-attachment":"scroll","background-type":"","background-media":"","overlay-type":"","overlay-color":"","overlay-opacity":"","overlay-gradient":""},"mobile":{"background-color":"var(--ast-global-color-4)","background-image":"","background-repeat":"repeat","background-position":"center center","background-size":"auto","background-attachment":"scroll","background-type":"","background-media":"","overlay-type":"","overlay-color":"","overlay-opacity":"","overlay-gradient":""}}},"product_brand":[28],"product_cat":[34],"product_tag":[],"class_list":{"0":"post-797","1":"product","2":"type-product","3":"status-publish","4":"has-post-thumbnail","6":"product_brand-marmur-trawertyn","7":"product_cat-trawertyn","8":"desktop-align-left","9":"tablet-align-left","10":"mobile-align-left","11":"ast-product-gallery-layout-horizontal-slider","12":"ast-product-tabs-layout-horizontal","14":"first","15":"instock","16":"taxable","17":"shipping-taxable","18":"purchasable","19":"product-type-simple"},"spectra_custom_meta":{"_regular_price":["110"],"total_sales":["0"],"_tax_status":["taxable"],"_tax_class":[""],"_manage_stock":["no"],"_backorders":["no"],"_sold_individually":["no"],"_virtual":["no"],"_downloadable":["no"],"_product_image_gallery":["793"],"_download_limit":["-1"],"_download_expiry":["-1"],"_thumbnail_id":["617"],"_stock":[null],"_stock_status":["instock"],"_wc_average_rating":["0"],"_wc_review_count":["0"],"_product_version":["10.4.3"],"_price":["110"],"reddit_for_woocommerce_product_catalog_item":["1"],"snapchat_for_woocommerce_product_catalog_item":["1"],"site-sidebar-layout":["default"],"ast-site-content-layout":["default"],"site-content-style":["default"],"site-sidebar-style":["default"],"theme-transparent-header-meta":["default"],"_last_change_time":["1770552986"],"_edit_lock":["1770586527:1"],"_edit_last":["1"],"astra-migrate-meta-layouts":["set"],"_uag_page_assets":["a:9:{s:3:\"css\";s:263:\".uag-blocks-common-selector{z-index:var(--z-index-desktop) !important}@media (max-width: 976px){.uag-blocks-common-selector{z-index:var(--z-index-tablet) !important}}@media (max-width: 767px){.uag-blocks-common-selector{z-index:var(--z-index-mobile) !important}}\n\";s:2:\"js\";s:0:\"\";s:18:\"current_block_list\";a:8:{i:0;s:11:\"core\/search\";i:1;s:10:\"core\/group\";i:2;s:12:\"core\/heading\";i:3;s:17:\"core\/latest-posts\";i:4;s:20:\"core\/latest-comments\";i:5;s:13:\"core\/archives\";i:6;s:15:\"core\/categories\";i:7;s:14:\"core\/shortcode\";}s:8:\"uag_flag\";b:0;s:11:\"uag_version\";s:10:\"1774562396\";s:6:\"gfonts\";a:0:{}s:10:\"gfonts_url\";s:0:\"\";s:12:\"gfonts_files\";a:0:{}s:14:\"uag_faq_layout\";b:0;}"],"_uag_css_file_name":["uag-css-797.css"]},"uagb_featured_image_src":{"full":["https:\/\/marmurtrawertyn.pl\/wp-content\/uploads\/2026\/02\/lazienka-trawertyn-6.jpg",1224,1632,false],"thumbnail":["https:\/\/marmurtrawertyn.pl\/wp-content\/uploads\/2026\/02\/lazienka-trawertyn-6-150x150.jpg",150,150,true],"medium":["https:\/\/marmurtrawertyn.pl\/wp-content\/uploads\/2026\/02\/lazienka-trawertyn-6-225x300.jpg",225,300,true],"medium_large":["https:\/\/marmurtrawertyn.pl\/wp-content\/uploads\/2026\/02\/lazienka-trawertyn-6-768x1024.jpg",768,1024,true],"large":["https:\/\/marmurtrawertyn.pl\/wp-content\/uploads\/2026\/02\/lazienka-trawertyn-6-768x1024.jpg",768,1024,true],"1536x1536":["https:\/\/marmurtrawertyn.pl\/wp-content\/uploads\/2026\/02\/lazienka-trawertyn-6-1152x1536.jpg",1152,1536,true],"2048x2048":["https:\/\/marmurtrawertyn.pl\/wp-content\/uploads\/2026\/02\/lazienka-trawertyn-6.jpg",1224,1632,false],"woocommerce_thumbnail":["https:\/\/marmurtrawertyn.pl\/wp-content\/uploads\/2026\/02\/lazienka-trawertyn-6-300x300.jpg",300,300,true],"woocommerce_single":["https:\/\/marmurtrawertyn.pl\/wp-content\/uploads\/2026\/02\/lazienka-trawertyn-6-600x800.jpg",600,800,true],"woocommerce_gallery_thumbnail":["https:\/\/marmurtrawertyn.pl\/wp-content\/uploads\/2026\/02\/lazienka-trawertyn-6-100x100.jpg",100,100,true]},"uagb_author_info":{"display_name":"admin","author_link":"https:\/\/marmurtrawertyn.pl\/?author=0"},"uagb_comment_info":0,"uagb_excerpt":"P\u0142ytki Trawertyn Classic Mix \u2013 Uk\u0142ad Rzymski, Kraw\u0119dzie M\u0142otkowane &nbsp; Naturalne p\u0142ytki z trawertynu Classic Mix w klasycznym uk\u0142adzie rzymskim z m\u0142otkowanymi kraw\u0119dziami. Idealne na tarasy, elewacje, salony i wn\u0119trza premium. Trwa\u0142y kamie\u0144 o ponadczasowym charakterze. Dane techniczne &nbsp; Materia\u0142 Trawertyn Kolor Classic Mix (be\u017c \/ krem \/ jasny br\u0105z) Format Uk\u0142adanka kamienna Grubo\u015b\u0107 1,2&hellip;","jetpack_sharing_enabled":true,"_links":{"self":[{"href":"https:\/\/marmurtrawertyn.pl\/index.php?rest_route=\/wp\/v2\/product\/797","targetHints":{"allow":["GET"]}}],"collection":[{"href":"https:\/\/marmurtrawertyn.pl\/index.php?rest_route=\/wp\/v2\/product"}],"about":[{"href":"https:\/\/marmurtrawertyn.pl\/index.php?rest_route=\/wp\/v2\/types\/product"}],"replies":[{"embeddable":true,"href":"https:\/\/marmurtrawertyn.pl\/index.php?rest_route=%2Fwp%2Fv2%2Fcomments&post=797"}],"wp:featuredmedia":[{"embeddable":true,"href":"https:\/\/marmurtrawertyn.pl\/index.php?rest_route=\/wp\/v2\/media\/617"}],"wp:attachment":[{"href":"https:\/\/marmurtrawertyn.pl\/index.php?rest_route=%2Fwp%2Fv2%2Fmedia&parent=797"}],"wp:term":[{"taxonomy":"product_brand","embeddable":true,"href":"https:\/\/marmurtrawertyn.pl\/index.php?rest_route=%2Fwp%2Fv2%2Fproduct_brand&post=797"},{"taxonomy":"product_cat","embeddable":true,"href":"https:\/\/marmurtrawertyn.pl\/index.php?rest_route=%2Fwp%2Fv2%2Fproduct_cat&post=797"},{"taxonomy":"product_tag","embeddable":true,"href":"https:\/\/marmurtrawertyn.pl\/index.php?rest_route=%2Fwp%2Fv2%2Fproduct_tag&post=797"}],"curies":[{"name":"wp","href":"https:\/\/api.w.org\/{rel}","templated":true}]}}