{"id":798,"date":"2026-02-08T13:19:39","date_gmt":"2026-02-08T12:19:39","guid":{"rendered":"https:\/\/marmurtrawertyn.pl\/?post_type=product&#038;p=798"},"modified":"2026-02-08T22:35:24","modified_gmt":"2026-02-08T21:35:24","slug":"plytki-trawertyn-light-premium-uklad-french-krawedzie-mlotkowane","status":"publish","type":"product","link":"https:\/\/marmurtrawertyn.pl\/?product=plytki-trawertyn-light-premium-uklad-french-krawedzie-mlotkowane","title":{"rendered":"P\u0142ytki Trawertyn Light Premium \u2013 Uk\u0142ad French, Kraw\u0119dzie M\u0142otkowane"},"content":{"rendered":"<h2 data-start=\"1099\" data-end=\"1151\">P\u0142ytki trawertyn Light Premium \u2013 uk\u0142ad French<\/h2>\n<p>&nbsp;<\/p>\n<p data-start=\"1153\" data-end=\"1471\">P\u0142ytki trawertyn <strong data-start=\"1170\" data-end=\"1205\">Light Premium w uk\u0142adzie French<\/strong> to eleganckie i stylowe rozwi\u0105zanie do aran\u017cacji wn\u0119trz oraz przestrzeni zewn\u0119trznych. Naturalny kamie\u0144 w jasnym odcieniu oraz <strong data-start=\"1333\" data-end=\"1357\">m\u0142otkowane kraw\u0119dzie<\/strong> dodaj\u0105 wyj\u0105tkowego uroku i klasycznego charakteru, dzi\u0119ki czemu Twoje pod\u0142ogi i \u015bciany zyskaj\u0105 presti\u017cowy wygl\u0105d.<\/p>\n<p data-start=\"1473\" data-end=\"1638\">Format p\u0142ytek oraz uk\u0142ad French pozwala stworzy\u0107 efektown\u0105, geometryczn\u0105 kompozycj\u0119, kt\u00f3ra doskonale wsp\u00f3\u0142gra zar\u00f3wno z aran\u017cacjami nowoczesnymi, jak i rustykalnymi.<\/p>\n<hr data-start=\"1640\" data-end=\"1643\" \/>\n<h2 data-start=\"1645\" data-end=\"1694\">Zastosowanie p\u0142ytek trawertyn Light Premium<\/h2>\n<p data-start=\"1696\" data-end=\"1746\">P\u0142ytki te \u015bwietnie sprawdz\u0105 si\u0119 w wielu miejscach:<\/p>\n<p data-start=\"1748\" data-end=\"1914\">\u2714 salonach i salonach dziennych<br data-start=\"1779\" data-end=\"1782\" \/>\u2714 \u0142azienkach i strefach SPA<br data-start=\"1809\" data-end=\"1812\" \/>\u2714 kuchniach<br data-start=\"1823\" data-end=\"1826\" \/>\u2714 tarasach i patio<br data-start=\"1844\" data-end=\"1847\" \/>\u2714 holach i korytarzach<br data-start=\"1869\" data-end=\"1872\" \/>\u2714 restauracjach i obiektach komercyjnych<\/p>\n<p data-start=\"1916\" data-end=\"2016\">Naturalny trawertyn to kamie\u0144 trwa\u0142y, odporny na uszkodzenia i zachowuj\u0105cy pi\u0119kny wygl\u0105d przez lata.<\/p>\n<hr data-start=\"2018\" data-end=\"2021\" \/>\n<h2 data-start=\"2023\" data-end=\"2056\">Najwa\u017cniejsze cechy produktu<\/h2>\n<p data-start=\"2058\" data-end=\"2286\">\u2714 naturalny kamie\u0144 \u2013 trawertyn Light Premium<br data-start=\"2102\" data-end=\"2105\" \/>\u2714 uk\u0142ad French (klasyczna kompozycja)<br data-start=\"2142\" data-end=\"2145\" \/>\u2714 m\u0142otkowane kraw\u0119dzie<br data-start=\"2167\" data-end=\"2170\" \/>\u2714 elegancki, jasny odcie\u0144<br data-start=\"2195\" data-end=\"2198\" \/>\u2714 wysoka odporno\u015b\u0107 i trwa\u0142o\u015b\u0107<br data-start=\"2227\" data-end=\"2230\" \/>\u2714 uniwersalne zastosowanie<br data-start=\"2256\" data-end=\"2259\" \/>\u2714 idealny do wn\u0119trz premium<\/p>\n<p data-start=\"2288\" data-end=\"2396\">Ka\u017cda p\u0142ytka posiada unikalny rysunek kamienia, co sprawia, \u017ce ca\u0142a powierzchnia jest wyj\u0105tkowa i naturalna.<\/p>\n<hr data-start=\"2398\" data-end=\"2401\" \/>\n<h2 data-start=\"2403\" data-end=\"2424\">Dane techniczne<\/h2>\n<div class=\"TyagGW_tableContainer\">\n<div class=\"group TyagGW_tableWrapper flex flex-col-reverse w-fit\" tabindex=\"-1\">\n<table class=\"w-fit min-w-(--thread-content-width)\" data-start=\"2426\" data-end=\"2695\">\n<thead data-start=\"2426\" data-end=\"2448\">\n<tr data-start=\"2426\" data-end=\"2448\">\n<th class=\"\" data-start=\"2426\" data-end=\"2437\" data-col-size=\"sm\">Parametr<\/th>\n<th class=\"\" data-start=\"2437\" data-end=\"2448\" data-col-size=\"sm\">Warto\u015b\u0107<\/th>\n<\/tr>\n<\/thead>\n<tbody data-start=\"2473\" data-end=\"2695\">\n<tr data-start=\"2473\" data-end=\"2507\">\n<td data-start=\"2473\" data-end=\"2484\" data-col-size=\"sm\">Materia\u0142<\/td>\n<td data-start=\"2484\" data-end=\"2507\" data-col-size=\"sm\">Trawertyn naturalny<\/td>\n<\/tr>\n<tr data-start=\"2508\" data-end=\"2541\">\n<td data-start=\"2508\" data-end=\"2516\" data-col-size=\"sm\">Kolor<\/td>\n<td data-start=\"2516\" data-end=\"2541\" data-col-size=\"sm\">Jasny (light premium)<\/td>\n<\/tr>\n<tr data-start=\"2542\" data-end=\"2560\">\n<td data-start=\"2542\" data-end=\"2550\" data-col-size=\"sm\">Uk\u0142ad<\/td>\n<td data-start=\"2550\" data-end=\"2560\" data-col-size=\"sm\">French<\/td>\n<\/tr>\n<tr data-start=\"2561\" data-end=\"2587\">\n<td data-start=\"2561\" data-end=\"2573\" data-col-size=\"sm\">Kraw\u0119dzie<\/td>\n<td data-start=\"2573\" data-end=\"2587\" data-col-size=\"sm\">M\u0142otkowane<\/td>\n<\/tr>\n<tr data-start=\"2588\" data-end=\"2629\">\n<td data-start=\"2588\" data-end=\"2603\" data-col-size=\"sm\">Zastosowanie<\/td>\n<td data-start=\"2603\" data-end=\"2629\" data-col-size=\"sm\">Wewn\u0105trz i na zewn\u0105trz<\/td>\n<\/tr>\n<tr data-start=\"2630\" data-end=\"2670\">\n<td data-start=\"2630\" data-end=\"2644\" data-col-size=\"sm\">Wyko\u0144czenie<\/td>\n<td data-start=\"2644\" data-end=\"2670\" data-col-size=\"sm\">Naturalne \/ postarzone<\/td>\n<\/tr>\n<tr data-start=\"2671\" data-end=\"2695\">\n<td data-start=\"2671\" data-end=\"2685\" data-col-size=\"sm\">Pochodzenie<\/td>\n<td data-start=\"2685\" data-end=\"2695\" data-col-size=\"sm\">Turcja<\/td>\n<\/tr>\n<\/tbody>\n<\/table>\n<\/div>\n<\/div>\n<hr data-start=\"2697\" data-end=\"2700\" \/>\n<h2 data-start=\"2702\" data-end=\"2728\">Monta\u017c i piel\u0119gnacja<\/h2>\n<p data-start=\"2730\" data-end=\"2763\">Dla najlepszych efekt\u00f3w zalecamy:<\/p>\n<p data-start=\"2765\" data-end=\"2923\">\u2714 monta\u017c na kleju do kamienia naturalnego<br data-start=\"2806\" data-end=\"2809\" \/>\u2714 impregnacj\u0119 po u\u0142o\u017ceniu<br data-start=\"2834\" data-end=\"2837\" \/>\u2714 piel\u0119gnacj\u0119 dedykowanymi \u015brodkami do kamienia<br data-start=\"2884\" data-end=\"2887\" \/>\u2714 unikanie agresywnych detergent\u00f3w<\/p>\n<p data-start=\"2925\" data-end=\"3006\">Prawid\u0142owo zabezpieczony kamie\u0144 zachowuje sw\u00f3j wygl\u0105d i trwa\u0142o\u015b\u0107 przez wiele lat.<\/p>\n<hr data-start=\"3008\" data-end=\"3011\" \/>\n<h2 data-start=\"3013\" data-end=\"3039\">Informacje dodatkowe<\/h2>\n<p data-start=\"3041\" data-end=\"3175\">\u2714 Cena dotyczy: <strong>1 komplet (0,75m2) produktu<\/strong><br data-start=\"3074\" data-end=\"3077\" \/>\u2714 Zalecany zapas: 5\u201310%<br data-start=\"3100\" data-end=\"3103\" \/>\u2714 Kolor i rysunek kamienia mog\u0105 si\u0119 nieznacznie r\u00f3\u017cni\u0107 (cecha naturalna)<\/p>\n<p data-start=\"3177\" data-end=\"3261\">W razie pyta\u0144 dotycz\u0105cych ilo\u015bci, monta\u017cu lub zastosowania \u2014 zapraszamy do kontaktu.<\/p>\n","protected":false},"excerpt":{"rendered":"<h3 data-start=\"1330\" data-end=\"1387\">P\u0142ytki Trawertyn Light Premium \u2013 Uk\u0142ad French, Kraw\u0119dzie M\u0142otkowane<\/h3>\n<p>&nbsp;<\/p>\n<h3 data-start=\"1330\" data-end=\"1387\"><\/h3>\n<p data-start=\"687\" data-end=\"906\">Naturalne p\u0142ytki z trawertynu Light Premium z m\u0142otkowanymi kraw\u0119dziami w klasycznym uk\u0142adzie French. Elegancki kamie\u0144 do salon\u00f3w, kuchni, \u0142azienek i taras\u00f3w. Luksusowy, ponadczasowy wyb\u00f3r do wn\u0119trz premium.<\/p>\n<h3>Dane techniczne<\/h3>\n<p>&nbsp;<\/p>\n<table>\n<tbody>\n<tr>\n<td>Materia\u0142<\/td>\n<td>Trawertyn<\/td>\n<\/tr>\n<tr>\n<td>Kolor<\/td>\n<td>Jasny (light premium)<\/td>\n<\/tr>\n<tr>\n<td>Format<\/td>\n<td>Uk\u0142adanka kamienna<\/td>\n<\/tr>\n<tr>\n<td>Grubo\u015b\u0107<\/td>\n<td>1,2 cm<\/td>\n<\/tr>\n<tr>\n<td>Kraw\u0119dzie<\/td>\n<td>M\u0142otkowane<\/td>\n<\/tr>\n<tr>\n<td>Zastosowanie<\/td>\n<td>\u00a0\u015bciana \/ pod\u0142oga<\/td>\n<\/tr>\n<tr>\n<td>Kraj pochodzenia<\/td>\n<td>Turcja<\/td>\n<\/tr>\n<tr>\n<td>Producent \/ Importer<\/td>\n<td>Marmur Trawertyn<\/td>\n<\/tr>\n<\/tbody>\n<\/table>\n<p><strong>Cena dotyczy: 1 komplet (0,75m\u00b2)\u00a0 produktu<\/strong><\/p>\n<p>&nbsp;<\/p>\n","protected":false},"featured_media":732,"comment_status":"open","ping_status":"closed","template":"","meta":{"_uag_custom_page_level_css":"","site-sidebar-layout":"default","site-content-layout":"","ast-site-content-layout":"default","site-content-style":"default","site-sidebar-style":"default","ast-global-header-display":"","ast-banner-title-visibility":"","ast-main-header-display":"","ast-hfb-above-header-display":"","ast-hfb-below-header-display":"","ast-hfb-mobile-header-display":"","site-post-title":"","ast-breadcrumbs-content":"","ast-featured-img":"","footer-sml-layout":"","ast-disable-related-posts":"","theme-transparent-header-meta":"default","adv-header-id-meta":"","stick-header-meta":"","header-above-stick-meta":"","header-main-stick-meta":"","header-below-stick-meta":"","astra-migrate-meta-layouts":"set","ast-page-background-enabled":"default","ast-page-background-meta":{"desktop":{"background-color":"var(--ast-global-color-5)","background-image":"","background-repeat":"repeat","background-position":"center center","background-size":"auto","background-attachment":"scroll","background-type":"","background-media":"","overlay-type":"","overlay-color":"","overlay-opacity":"","overlay-gradient":""},"tablet":{"background-color":"","background-image":"","background-repeat":"repeat","background-position":"center center","background-size":"auto","background-attachment":"scroll","background-type":"","background-media":"","overlay-type":"","overlay-color":"","overlay-opacity":"","overlay-gradient":""},"mobile":{"background-color":"","background-image":"","background-repeat":"repeat","background-position":"center center","background-size":"auto","background-attachment":"scroll","background-type":"","background-media":"","overlay-type":"","overlay-color":"","overlay-opacity":"","overlay-gradient":""}},"ast-content-background-meta":{"desktop":{"background-color":"var(--ast-global-color-4)","background-image":"","background-repeat":"repeat","background-position":"center center","background-size":"auto","background-attachment":"scroll","background-type":"","background-media":"","overlay-type":"","overlay-color":"","overlay-opacity":"","overlay-gradient":""},"tablet":{"background-color":"var(--ast-global-color-4)","background-image":"","background-repeat":"repeat","background-position":"center center","background-size":"auto","background-attachment":"scroll","background-type":"","background-media":"","overlay-type":"","overlay-color":"","overlay-opacity":"","overlay-gradient":""},"mobile":{"background-color":"var(--ast-global-color-4)","background-image":"","background-repeat":"repeat","background-position":"center center","background-size":"auto","background-attachment":"scroll","background-type":"","background-media":"","overlay-type":"","overlay-color":"","overlay-opacity":"","overlay-gradient":""}}},"product_brand":[28],"product_cat":[34],"product_tag":[],"class_list":{"0":"post-798","1":"product","2":"type-product","3":"status-publish","4":"has-post-thumbnail","6":"product_brand-marmur-trawertyn","7":"product_cat-trawertyn","8":"desktop-align-left","9":"tablet-align-left","10":"mobile-align-left","11":"ast-product-gallery-layout-horizontal-slider","12":"ast-product-tabs-layout-horizontal","14":"first","15":"instock","16":"taxable","17":"shipping-taxable","18":"purchasable","19":"product-type-simple"},"spectra_custom_meta":{"_regular_price":["129"],"total_sales":["0"],"_tax_status":["taxable"],"_tax_class":[""],"_manage_stock":["no"],"_backorders":["no"],"_sold_individually":["no"],"_virtual":["no"],"_downloadable":["no"],"_product_image_gallery":["793"],"_download_limit":["-1"],"_download_expiry":["-1"],"_thumbnail_id":["732"],"_stock":[null],"_stock_status":["instock"],"_wc_average_rating":["0"],"_wc_review_count":["0"],"_product_version":["10.4.3"],"_price":["129"],"reddit_for_woocommerce_product_catalog_item":["1"],"snapchat_for_woocommerce_product_catalog_item":["1"],"site-sidebar-layout":["default"],"ast-site-content-layout":["default"],"site-content-style":["default"],"site-sidebar-style":["default"],"theme-transparent-header-meta":["default"],"_last_change_time":["1770553439"],"_edit_lock":["1770586525:1"],"_edit_last":["1"],"astra-migrate-meta-layouts":["set"],"_uag_page_assets":["a:9:{s:3:\"css\";s:263:\".uag-blocks-common-selector{z-index:var(--z-index-desktop) !important}@media (max-width: 976px){.uag-blocks-common-selector{z-index:var(--z-index-tablet) !important}}@media (max-width: 767px){.uag-blocks-common-selector{z-index:var(--z-index-mobile) !important}}\n\";s:2:\"js\";s:0:\"\";s:18:\"current_block_list\";a:8:{i:0;s:11:\"core\/search\";i:1;s:10:\"core\/group\";i:2;s:12:\"core\/heading\";i:3;s:17:\"core\/latest-posts\";i:4;s:20:\"core\/latest-comments\";i:5;s:13:\"core\/archives\";i:6;s:15:\"core\/categories\";i:7;s:14:\"core\/shortcode\";}s:8:\"uag_flag\";b:0;s:11:\"uag_version\";s:10:\"1774562396\";s:6:\"gfonts\";a:0:{}s:10:\"gfonts_url\";s:0:\"\";s:12:\"gfonts_files\";a:0:{}s:14:\"uag_faq_layout\";b:0;}"],"_uag_css_file_name":["uag-css-798.css"]},"uagb_featured_image_src":{"full":["https:\/\/marmurtrawertyn.pl\/wp-content\/uploads\/2026\/02\/trawertyn-BC-1-1.png",1024,1536,false],"thumbnail":["https:\/\/marmurtrawertyn.pl\/wp-content\/uploads\/2026\/02\/trawertyn-BC-1-1-150x150.png",150,150,true],"medium":["https:\/\/marmurtrawertyn.pl\/wp-content\/uploads\/2026\/02\/trawertyn-BC-1-1-200x300.png",200,300,true],"medium_large":["https:\/\/marmurtrawertyn.pl\/wp-content\/uploads\/2026\/02\/trawertyn-BC-1-1-768x1152.png",768,1152,true],"large":["https:\/\/marmurtrawertyn.pl\/wp-content\/uploads\/2026\/02\/trawertyn-BC-1-1-683x1024.png",683,1024,true],"1536x1536":["https:\/\/marmurtrawertyn.pl\/wp-content\/uploads\/2026\/02\/trawertyn-BC-1-1.png",1024,1536,false],"2048x2048":["https:\/\/marmurtrawertyn.pl\/wp-content\/uploads\/2026\/02\/trawertyn-BC-1-1.png",1024,1536,false],"woocommerce_thumbnail":["https:\/\/marmurtrawertyn.pl\/wp-content\/uploads\/2026\/02\/trawertyn-BC-1-1-300x300.png",300,300,true],"woocommerce_single":["https:\/\/marmurtrawertyn.pl\/wp-content\/uploads\/2026\/02\/trawertyn-BC-1-1-600x900.png",600,900,true],"woocommerce_gallery_thumbnail":["https:\/\/marmurtrawertyn.pl\/wp-content\/uploads\/2026\/02\/trawertyn-BC-1-1-100x100.png",100,100,true]},"uagb_author_info":{"display_name":"admin","author_link":"https:\/\/marmurtrawertyn.pl\/?author=0"},"uagb_comment_info":0,"uagb_excerpt":"P\u0142ytki Trawertyn Light Premium \u2013 Uk\u0142ad French, Kraw\u0119dzie M\u0142otkowane &nbsp; Naturalne p\u0142ytki z trawertynu Light Premium z m\u0142otkowanymi kraw\u0119dziami w klasycznym uk\u0142adzie French. Elegancki kamie\u0144 do salon\u00f3w, kuchni, \u0142azienek i taras\u00f3w. Luksusowy, ponadczasowy wyb\u00f3r do wn\u0119trz premium. Dane techniczne &nbsp; Materia\u0142 Trawertyn Kolor Jasny (light premium) Format Uk\u0142adanka kamienna Grubo\u015b\u0107 1,2 cm Kraw\u0119dzie M\u0142otkowane Zastosowanie&hellip;","jetpack_sharing_enabled":true,"_links":{"self":[{"href":"https:\/\/marmurtrawertyn.pl\/index.php?rest_route=\/wp\/v2\/product\/798","targetHints":{"allow":["GET"]}}],"collection":[{"href":"https:\/\/marmurtrawertyn.pl\/index.php?rest_route=\/wp\/v2\/product"}],"about":[{"href":"https:\/\/marmurtrawertyn.pl\/index.php?rest_route=\/wp\/v2\/types\/product"}],"replies":[{"embeddable":true,"href":"https:\/\/marmurtrawertyn.pl\/index.php?rest_route=%2Fwp%2Fv2%2Fcomments&post=798"}],"wp:featuredmedia":[{"embeddable":true,"href":"https:\/\/marmurtrawertyn.pl\/index.php?rest_route=\/wp\/v2\/media\/732"}],"wp:attachment":[{"href":"https:\/\/marmurtrawertyn.pl\/index.php?rest_route=%2Fwp%2Fv2%2Fmedia&parent=798"}],"wp:term":[{"taxonomy":"product_brand","embeddable":true,"href":"https:\/\/marmurtrawertyn.pl\/index.php?rest_route=%2Fwp%2Fv2%2Fproduct_brand&post=798"},{"taxonomy":"product_cat","embeddable":true,"href":"https:\/\/marmurtrawertyn.pl\/index.php?rest_route=%2Fwp%2Fv2%2Fproduct_cat&post=798"},{"taxonomy":"product_tag","embeddable":true,"href":"https:\/\/marmurtrawertyn.pl\/index.php?rest_route=%2Fwp%2Fv2%2Fproduct_tag&post=798"}],"curies":[{"name":"wp","href":"https:\/\/api.w.org\/{rel}","templated":true}]}}