{"id":806,"date":"2026-02-08T14:20:32","date_gmt":"2026-02-08T13:20:32","guid":{"rendered":"https:\/\/marmurtrawertyn.pl\/?post_type=product&#038;p=806"},"modified":"2026-02-08T22:33:09","modified_gmt":"2026-02-08T21:33:09","slug":"obrzeze-basenowe-trawertyn-sunset-peach-305x61x3-cm-naturalny-kamien","status":"publish","type":"product","link":"https:\/\/marmurtrawertyn.pl\/?product=obrzeze-basenowe-trawertyn-sunset-peach-305x61x3-cm-naturalny-kamien","title":{"rendered":"Obrze\u017ce basenowe Trawertyn Sunset Peach 30,5x61x3 cm \u2013 Naturalny Kamie\u0144"},"content":{"rendered":"<h3>Obrze\u017ce basenowe Trawertyn Sunset Peach 30,5 cm x 61 cm x 3 cm \u2013 Naturalny Kamie\u0144<\/h3>\n<p data-start=\"3379\" data-end=\"3716\">Obrze\u017ce basenowe wykonane z trawertynu <strong data-start=\"3418\" data-end=\"3434\">Sunset Peach<\/strong> to wyj\u0105tkowo estetyczne i trwa\u0142e rozwi\u0105zanie, kt\u00f3re doskonale sprawdza si\u0119 jako <strong data-start=\"3515\" data-end=\"3573\">kraw\u0119d\u017a wok\u00f3\u0142 basenu, oczka wodnego lub strefy relaksu<\/strong>. Naturalny kamie\u0144 zapewnia przyjemn\u0105 estetyk\u0119, a jego odporno\u015b\u0107 na wilgo\u0107 i wymienne warunki atmosferyczne gwarantuje d\u0142ugotrwa\u0142e u\u017cytkowanie.<\/p>\n<p data-start=\"3718\" data-end=\"3870\">Kraw\u0119d\u017a o grubo\u015bci <strong data-start=\"3737\" data-end=\"3745\">3 cm<\/strong> zosta\u0142a zaprojektowana tak, aby by\u0142a stabilna, antypo\u015blizgowa i bezpieczna \u2014 co ma kluczowe znaczenie przy strefach wodnych.<\/p>\n<hr data-start=\"3872\" data-end=\"3875\" \/>\n<h3 data-start=\"3877\" data-end=\"3915\">Zastosowanie obrze\u017ca basenowego<\/h3>\n<p data-start=\"3917\" data-end=\"4020\">\u2714 baseny prywatne<br data-start=\"3934\" data-end=\"3937\" \/>\u2714 baseny hotelowe<br data-start=\"3954\" data-end=\"3957\" \/>\u2714 oczka wodne<br data-start=\"3970\" data-end=\"3973\" \/>\u2714 strefy SPA \/ wellness<br data-start=\"3996\" data-end=\"3999\" \/>\u2714 tarasy zewn\u0119trzne<\/p>\n<hr data-start=\"4022\" data-end=\"4025\" \/>\n<h3 data-start=\"4027\" data-end=\"4052\">\u2728 Najwa\u017cniejsze cechy<\/h3>\n<p data-start=\"4054\" data-end=\"4240\">\u2714 naturalny trawertyn Sunset Peach<br data-start=\"4088\" data-end=\"4091\" \/>\u2714 bezpieczna, antypo\u015blizgowa powierzchnia<br data-start=\"4132\" data-end=\"4135\" \/>\u2714 odporno\u015b\u0107 na wod\u0119 i warunki atmosferyczne<br data-start=\"4178\" data-end=\"4181\" \/>\u2714 stabilna kraw\u0119d\u017a basenu<br data-start=\"4206\" data-end=\"4209\" \/>\u2714 elegancki, luksusowy wygl\u0105d<\/p>\n<hr data-start=\"4242\" data-end=\"4245\" \/>\n<h3 data-start=\"4247\" data-end=\"4269\">Dane techniczne<\/h3>\n<div class=\"TyagGW_tableContainer\">\n<div class=\"group TyagGW_tableWrapper flex flex-col-reverse w-fit\" tabindex=\"-1\">\n<table class=\"w-fit min-w-(--thread-content-width)\" data-start=\"4271\" data-end=\"4476\">\n<thead data-start=\"4271\" data-end=\"4293\">\n<tr data-start=\"4271\" data-end=\"4293\">\n<th class=\"\" data-start=\"4271\" data-end=\"4282\" data-col-size=\"sm\">Parametr<\/th>\n<th class=\"\" data-start=\"4282\" data-end=\"4293\" data-col-size=\"sm\">Warto\u015b\u0107<\/th>\n<\/tr>\n<\/thead>\n<tbody data-start=\"4318\" data-end=\"4476\">\n<tr data-start=\"4318\" data-end=\"4352\">\n<td data-start=\"4318\" data-end=\"4329\" data-col-size=\"sm\">Materia\u0142<\/td>\n<td data-start=\"4329\" data-end=\"4352\" data-col-size=\"sm\">Trawertyn naturalny<\/td>\n<\/tr>\n<tr data-start=\"4353\" data-end=\"4377\">\n<td data-start=\"4353\" data-end=\"4361\" data-col-size=\"sm\">Kolor<\/td>\n<td data-start=\"4361\" data-end=\"4377\" data-col-size=\"sm\">Sunset Peach<\/td>\n<\/tr>\n<tr data-start=\"4378\" data-end=\"4407\">\n<td data-start=\"4378\" data-end=\"4387\" data-col-size=\"sm\">Wymiar<\/td>\n<td data-start=\"4387\" data-end=\"4407\" data-col-size=\"sm\">30,5 \u00d7 61 \u00d7 3 cm<\/td>\n<\/tr>\n<tr data-start=\"4408\" data-end=\"4443\">\n<td data-start=\"4408\" data-end=\"4423\" data-col-size=\"sm\">Zastosowanie<\/td>\n<td data-start=\"4423\" data-end=\"4443\" data-col-size=\"sm\">Obrze\u017ce basenowe<\/td>\n<\/tr>\n<tr data-start=\"4444\" data-end=\"4476\">\n<td data-start=\"4444\" data-end=\"4456\" data-col-size=\"sm\">Odporno\u015b\u0107<\/td>\n<td data-start=\"4456\" data-end=\"4476\" data-col-size=\"sm\">Woda \/ mr\u00f3z \/ UV<\/td>\n<\/tr>\n<\/tbody>\n<\/table>\n<\/div>\n<\/div>\n<hr data-start=\"4478\" data-end=\"4481\" \/>\n<h3 data-start=\"4483\" data-end=\"4510\">Informacje dodatkowe<\/h3>\n<p data-start=\"4512\" data-end=\"4629\">\u2714 Cena dotyczy: <strong data-start=\"4528\" data-end=\"4540\">1 sztuki<\/strong><br data-start=\"4540\" data-end=\"4543\" \/>\u2714 Naturalna struktura kamienia mo\u017ce r\u00f3\u017cni\u0107 si\u0119 w odcieniu<br data-start=\"4600\" data-end=\"4603\" \/>\u2714 Zalecany zapas monta\u017cowy<\/p>\n<p data-start=\"4631\" data-end=\"4688\">Masz pytania dotycz\u0105ce monta\u017cu obrze\u017cy? Ch\u0119tnie pomo\u017cemy!<\/p>\n","protected":false},"excerpt":{"rendered":"<h3>Obrze\u017ce basenowe Trawertyn Sunset Peach 30,5 cm x 61 cm x 3 cm \u2013 Naturalny Kamie\u0144<\/h3>\n<p>&nbsp;<\/p>\n<p>Obrze\u017ce basenowe z naturalnego trawertynu Sunset Peach o wymiarach 30,5 cm \u00d7 61 cm \u00d7 3 cm. Estetyczna i odporna kraw\u0119d\u017a basenu, idealna do przestrzeni zewn\u0119trznych premium.<\/p>\n<h3>Dane techniczne<\/h3>\n<p>&nbsp;<\/p>\n<table>\n<tbody>\n<tr>\n<td>Materia\u0142<\/td>\n<td>Trawertyn<\/td>\n<\/tr>\n<tr>\n<td>Kolor<\/td>\n<td>Sunset Peach<\/td>\n<\/tr>\n<tr>\n<td>Format<\/td>\n<td>30,5 cm \u00d7 61 cm<\/td>\n<\/tr>\n<tr>\n<td>Grubo\u015b\u0107<\/td>\n<td>3 cm<\/td>\n<\/tr>\n<tr>\n<td>Powierzchnia<\/td>\n<td>naturalna \/ szlifowana<\/td>\n<\/tr>\n<tr>\n<td>Zastosowanie<\/td>\n<td>obrze\u017ce basenowe<\/td>\n<\/tr>\n<tr>\n<td>Kraj pochodzenia<\/td>\n<td>Turcja<\/td>\n<\/tr>\n<tr>\n<td>Producent \/ Importer<\/td>\n<td>Marmur Trawertyn<\/td>\n<\/tr>\n<\/tbody>\n<\/table>\n<p><strong>Cena dotyczy: 1 szt produktu<\/strong><\/p>\n<p>&nbsp;<\/p>\n","protected":false},"featured_media":213,"comment_status":"open","ping_status":"closed","template":"","meta":{"_uag_custom_page_level_css":"","site-sidebar-layout":"default","site-content-layout":"","ast-site-content-layout":"default","site-content-style":"default","site-sidebar-style":"default","ast-global-header-display":"","ast-banner-title-visibility":"","ast-main-header-display":"","ast-hfb-above-header-display":"","ast-hfb-below-header-display":"","ast-hfb-mobile-header-display":"","site-post-title":"","ast-breadcrumbs-content":"","ast-featured-img":"","footer-sml-layout":"","ast-disable-related-posts":"","theme-transparent-header-meta":"default","adv-header-id-meta":"","stick-header-meta":"","header-above-stick-meta":"","header-main-stick-meta":"","header-below-stick-meta":"","astra-migrate-meta-layouts":"set","ast-page-background-enabled":"default","ast-page-background-meta":{"desktop":{"background-color":"var(--ast-global-color-5)","background-image":"","background-repeat":"repeat","background-position":"center center","background-size":"auto","background-attachment":"scroll","background-type":"","background-media":"","overlay-type":"","overlay-color":"","overlay-opacity":"","overlay-gradient":""},"tablet":{"background-color":"","background-image":"","background-repeat":"repeat","background-position":"center center","background-size":"auto","background-attachment":"scroll","background-type":"","background-media":"","overlay-type":"","overlay-color":"","overlay-opacity":"","overlay-gradient":""},"mobile":{"background-color":"","background-image":"","background-repeat":"repeat","background-position":"center center","background-size":"auto","background-attachment":"scroll","background-type":"","background-media":"","overlay-type":"","overlay-color":"","overlay-opacity":"","overlay-gradient":""}},"ast-content-background-meta":{"desktop":{"background-color":"var(--ast-global-color-4)","background-image":"","background-repeat":"repeat","background-position":"center center","background-size":"auto","background-attachment":"scroll","background-type":"","background-media":"","overlay-type":"","overlay-color":"","overlay-opacity":"","overlay-gradient":""},"tablet":{"background-color":"var(--ast-global-color-4)","background-image":"","background-repeat":"repeat","background-position":"center center","background-size":"auto","background-attachment":"scroll","background-type":"","background-media":"","overlay-type":"","overlay-color":"","overlay-opacity":"","overlay-gradient":""},"mobile":{"background-color":"var(--ast-global-color-4)","background-image":"","background-repeat":"repeat","background-position":"center center","background-size":"auto","background-attachment":"scroll","background-type":"","background-media":"","overlay-type":"","overlay-color":"","overlay-opacity":"","overlay-gradient":""}}},"product_brand":[28],"product_cat":[36],"product_tag":[],"class_list":{"0":"post-806","1":"product","2":"type-product","3":"status-publish","4":"has-post-thumbnail","6":"product_brand-marmur-trawertyn","7":"product_cat-trawertyn-obrzeza-basenowe","8":"desktop-align-left","9":"tablet-align-left","10":"mobile-align-left","11":"ast-product-gallery-layout-horizontal-slider","12":"ast-product-gallery-with-no-image","13":"ast-product-tabs-layout-horizontal","15":"first","16":"instock","17":"taxable","18":"shipping-taxable","19":"purchasable","20":"product-type-simple"},"spectra_custom_meta":{"_regular_price":["79"],"total_sales":["0"],"_tax_status":["taxable"],"_tax_class":[""],"_manage_stock":["no"],"_backorders":["no"],"_sold_individually":["no"],"_virtual":["no"],"_downloadable":["no"],"_download_limit":["-1"],"_download_expiry":["-1"],"_thumbnail_id":["213"],"_stock":[null],"_stock_status":["instock"],"_wc_average_rating":["0"],"_wc_review_count":["0"],"_product_version":["10.4.3"],"_price":["79"],"reddit_for_woocommerce_product_catalog_item":["1"],"snapchat_for_woocommerce_product_catalog_item":["1"],"site-sidebar-layout":["default"],"ast-site-content-layout":["default"],"site-content-style":["default"],"site-sidebar-style":["default"],"theme-transparent-header-meta":["default"],"_last_change_time":["1770556787"],"_edit_lock":["1770586393:1"],"_edit_last":["1"],"astra-migrate-meta-layouts":["set"],"_uag_page_assets":["a:9:{s:3:\"css\";s:263:\".uag-blocks-common-selector{z-index:var(--z-index-desktop) !important}@media (max-width: 976px){.uag-blocks-common-selector{z-index:var(--z-index-tablet) !important}}@media (max-width: 767px){.uag-blocks-common-selector{z-index:var(--z-index-mobile) !important}}\n\";s:2:\"js\";s:0:\"\";s:18:\"current_block_list\";a:8:{i:0;s:11:\"core\/search\";i:1;s:10:\"core\/group\";i:2;s:12:\"core\/heading\";i:3;s:17:\"core\/latest-posts\";i:4;s:20:\"core\/latest-comments\";i:5;s:13:\"core\/archives\";i:6;s:15:\"core\/categories\";i:7;s:14:\"core\/shortcode\";}s:8:\"uag_flag\";b:0;s:11:\"uag_version\";s:10:\"1774562396\";s:6:\"gfonts\";a:0:{}s:10:\"gfonts_url\";s:0:\"\";s:12:\"gfonts_files\";a:0:{}s:14:\"uag_faq_layout\";b:0;}"],"_uag_css_file_name":["uag-css-806.css"]},"uagb_featured_image_src":{"full":["https:\/\/marmurtrawertyn.pl\/wp-content\/uploads\/2026\/01\/schody-peach.png",1024,1536,false],"thumbnail":["https:\/\/marmurtrawertyn.pl\/wp-content\/uploads\/2026\/01\/schody-peach-150x150.png",150,150,true],"medium":["https:\/\/marmurtrawertyn.pl\/wp-content\/uploads\/2026\/01\/schody-peach-200x300.png",200,300,true],"medium_large":["https:\/\/marmurtrawertyn.pl\/wp-content\/uploads\/2026\/01\/schody-peach-768x1152.png",768,1152,true],"large":["https:\/\/marmurtrawertyn.pl\/wp-content\/uploads\/2026\/01\/schody-peach-683x1024.png",683,1024,true],"1536x1536":["https:\/\/marmurtrawertyn.pl\/wp-content\/uploads\/2026\/01\/schody-peach.png",1024,1536,false],"2048x2048":["https:\/\/marmurtrawertyn.pl\/wp-content\/uploads\/2026\/01\/schody-peach.png",1024,1536,false],"woocommerce_thumbnail":["https:\/\/marmurtrawertyn.pl\/wp-content\/uploads\/2026\/01\/schody-peach-300x300.png",300,300,true],"woocommerce_single":["https:\/\/marmurtrawertyn.pl\/wp-content\/uploads\/2026\/01\/schody-peach-600x900.png",600,900,true],"woocommerce_gallery_thumbnail":["https:\/\/marmurtrawertyn.pl\/wp-content\/uploads\/2026\/01\/schody-peach-100x100.png",100,100,true]},"uagb_author_info":{"display_name":"admin","author_link":"https:\/\/marmurtrawertyn.pl\/?author=0"},"uagb_comment_info":0,"uagb_excerpt":"Obrze\u017ce basenowe Trawertyn Sunset Peach 30,5 cm x 61 cm x 3 cm \u2013 Naturalny Kamie\u0144 &nbsp; Obrze\u017ce basenowe z naturalnego trawertynu Sunset Peach o wymiarach 30,5 cm \u00d7 61 cm \u00d7 3 cm. Estetyczna i odporna kraw\u0119d\u017a basenu, idealna do przestrzeni zewn\u0119trznych premium. Dane techniczne &nbsp; Materia\u0142 Trawertyn Kolor Sunset Peach Format 30,5 cm&hellip;","jetpack_sharing_enabled":true,"_links":{"self":[{"href":"https:\/\/marmurtrawertyn.pl\/index.php?rest_route=\/wp\/v2\/product\/806","targetHints":{"allow":["GET"]}}],"collection":[{"href":"https:\/\/marmurtrawertyn.pl\/index.php?rest_route=\/wp\/v2\/product"}],"about":[{"href":"https:\/\/marmurtrawertyn.pl\/index.php?rest_route=\/wp\/v2\/types\/product"}],"replies":[{"embeddable":true,"href":"https:\/\/marmurtrawertyn.pl\/index.php?rest_route=%2Fwp%2Fv2%2Fcomments&post=806"}],"wp:featuredmedia":[{"embeddable":true,"href":"https:\/\/marmurtrawertyn.pl\/index.php?rest_route=\/wp\/v2\/media\/213"}],"wp:attachment":[{"href":"https:\/\/marmurtrawertyn.pl\/index.php?rest_route=%2Fwp%2Fv2%2Fmedia&parent=806"}],"wp:term":[{"taxonomy":"product_brand","embeddable":true,"href":"https:\/\/marmurtrawertyn.pl\/index.php?rest_route=%2Fwp%2Fv2%2Fproduct_brand&post=806"},{"taxonomy":"product_cat","embeddable":true,"href":"https:\/\/marmurtrawertyn.pl\/index.php?rest_route=%2Fwp%2Fv2%2Fproduct_cat&post=806"},{"taxonomy":"product_tag","embeddable":true,"href":"https:\/\/marmurtrawertyn.pl\/index.php?rest_route=%2Fwp%2Fv2%2Fproduct_tag&post=806"}],"curies":[{"name":"wp","href":"https:\/\/api.w.org\/{rel}","templated":true}]}}